{"id":7,"date":"2021-08-29T17:56:16","date_gmt":"2021-08-29T15:56:16","guid":{"rendered":"https:\/\/prkt.si\/?page_id=7"},"modified":"2021-08-29T20:57:44","modified_gmt":"2021-08-29T18:57:44","slug":"vizitka","status":"publish","type":"page","link":"https:\/\/prkt.si\/?page_id=7","title":{"rendered":"Vizitka"},"content":{"rendered":"\n<p>PRKT, urejanje okolja, d.o.o.<\/p>\n\n\n\n<p><\/p>\n\n\n\n<p>Spodnje Dobrenje 6A, 2211 Pesnica pri Mariboru<\/p>\n\n\n\n<p>Mati\u010dna \u0161tevilka: 8691428000<\/p>\n\n\n\n<p>Dav\u010dna \u0161tevilka: 90398319<\/p>\n\n\n\n<p>IBAN SI56 0700 0000 3555 237<\/p>\n\n\n\n<p>SWIFT\/BIC: GORE SI 2X<\/p>\n\n\n\n<p><\/p>\n\n\n\n<p><\/p>\n\n\n\n<p>Informacije, ogledi, ponudbe: <strong>040\/755-822<\/strong><\/p>\n\n\n\n<p>e-po\u0161ta: <a href=\"mailto:info@prkt.si\">info@prkt.si<\/a><\/p>\n\n\n\n<p><\/p>\n\n\n\n<p>Saldakonti, finance: 02\/251-44 44<\/p>\n","protected":false},"excerpt":{"rendered":"<p>PRKT, urejanje okolja, d.o.o. Spodnje Dobrenje 6A, 2211 Pesnica pri Mariboru Mati\u010dna \u0161tevilka: 8691428000 Dav\u010dna \u0161tevilka: 90398319 IBAN SI56 0700 0000 3555 237 SWIFT\/BIC: GORE SI 2X Informacije, ogledi, ponudbe: 040\/755-822 e-po\u0161ta: info@prkt.si Saldakonti, finance: 02\/251-44 44<\/p>\n","protected":false},"author":1,"featured_media":0,"parent":0,"menu_order":0,"comment_status":"closed","ping_status":"closed","template":"","meta":[],"_links":{"self":[{"href":"https:\/\/prkt.si\/index.php?rest_route=\/wp\/v2\/pages\/7"}],"collection":[{"href":"https:\/\/prkt.si\/index.php?rest_route=\/wp\/v2\/pages"}],"about":[{"href":"https:\/\/prkt.si\/index.php?rest_route=\/wp\/v2\/types\/page"}],"author":[{"embeddable":true,"href":"https:\/\/prkt.si\/index.php?rest_route=\/wp\/v2\/users\/1"}],"replies":[{"embeddable":true,"href":"https:\/\/prkt.si\/index.php?rest_route=%2Fwp%2Fv2%2Fcomments&post=7"}],"version-history":[{"count":5,"href":"https:\/\/prkt.si\/index.php?rest_route=\/wp\/v2\/pages\/7\/revisions"}],"predecessor-version":[{"id":44,"href":"https:\/\/prkt.si\/index.php?rest_route=\/wp\/v2\/pages\/7\/revisions\/44"}],"wp:attachment":[{"href":"https:\/\/prkt.si\/index.php?rest_route=%2Fwp%2Fv2%2Fmedia&parent=7"}],"curies":[{"name":"wp","href":"https:\/\/api.w.org\/{rel}","templated":true}]}}